{"id":1003,"date":"2026-01-25T19:31:58","date_gmt":"2026-01-25T19:31:58","guid":{"rendered":"https:\/\/kapselart.ee\/?post_type=product&#038;p=1003"},"modified":"2026-01-25T19:42:28","modified_gmt":"2026-01-25T19:42:28","slug":"lito-grafik-se","status":"publish","type":"product","link":"https:\/\/kapselart.ee\/en\/product\/lito-grafik-se\/","title":{"rendered":"Ernst Rolf \u00e4r d\u00f6d, 1980, SE"},"content":{"rendered":"<p data-start=\"330\" data-end=\"350\"><strong data-start=\"53\" data-end=\"63\">Title<\/strong>: Ernst Rolf \u00e4r d\u00f6d<\/p>\n<p data-start=\"330\" data-end=\"350\"><strong>Author<\/strong>: &#8211;<\/p>\n<p data-start=\"330\" data-end=\"350\"><strong>Year of Issue<\/strong>: 1980<\/p>\n<p data-start=\"330\" data-end=\"350\"><strong>Size<\/strong>: 33&#215;54 cm<\/p>\n<p data-start=\"330\" data-end=\"350\"><strong>Circulation<\/strong>: &#8211;<\/p>\n<p data-start=\"330\" data-end=\"350\"><strong>Print shop<\/strong>: Prinkibo offsettryck<\/p>\n<p data-start=\"330\" data-end=\"350\"><strong data-start=\"334\" data-end=\"350\">Description:<\/strong><\/p>\n<p data-start=\"330\" data-end=\"350\">\u201cErnst Rolf \u00e4r d\u00f6d! DR\u00c4NKT\u201d piece isn\u2019t just \u201ca dramatic poster\u201d: it\u2019s the original poster\/l\u00f6psedel for a Swedish underground comics\/zine-style publication called <em data-start=\"229\" data-end=\"245\">D\u00f6dens nyheter<\/em>, specifically the double issue nr 2\u20133\/1980 titled \u201cDr\u00e4nkt\u201d. Multiple listings identify the issue as made by Leif Katz and Lars Hillersberg, published\/printed by Prinkipo (you can see \u201cPrinkipo Offsettryck\u201d on the print), and sellers often note that copies are sometimes missing the included poster (\u201csaknar affisch\u201d).<\/p>\n<p data-start=\"0\" data-end=\"79\"><strong>Condition &amp; Important Notes<\/strong><\/p>\n<p data-start=\"1084\" data-end=\"1228\">Folded from the middle.<\/p>\n<p data-start=\"1084\" data-end=\"1228\">As an original vintage poster, expect some age-related signs: slight fading, fold lines or minor creases, edge wear. Please inspect carefully.<\/p>","protected":false},"excerpt":{"rendered":"<p>Title: Ernst Rolf \u00e4r d\u00f6d Author: &#8211; Year of Issue: 1980 Size: 33&#215;54 cm Circulation: &#8211; Print shop: Prinkibo offsettryck Description: \u201cErnst Rolf \u00e4r d\u00f6d! DR\u00c4NKT\u201d piece isn\u2019t just \u201ca dramatic poster\u201d: it\u2019s the original poster\/l\u00f6psedel for a Swedish underground comics\/zine-style publication called D\u00f6dens nyheter, specifically the double issue nr 2\u20133\/1980 titled \u201cDr\u00e4nkt\u201d. Multiple listings [&hellip;]<\/p>\n","protected":false},"featured_media":921,"template":"","meta":[],"product_brand":[],"product_cat":[28],"product_tag":[36,48],"class_list":{"0":"post-1003","1":"product","2":"type-product","3":"status-publish","4":"has-post-thumbnail","6":"product_cat-political","7":"product_tag-80s","8":"product_tag-sweden","10":"first","11":"instock","12":"shipping-taxable","13":"purchasable","14":"product-type-simple"},"aioseo_notices":[],"jetpack_sharing_enabled":true,"_links":{"self":[{"href":"https:\/\/kapselart.ee\/en\/wp-json\/wp\/v2\/product\/1003","targetHints":{"allow":["GET"]}}],"collection":[{"href":"https:\/\/kapselart.ee\/en\/wp-json\/wp\/v2\/product"}],"about":[{"href":"https:\/\/kapselart.ee\/en\/wp-json\/wp\/v2\/types\/product"}],"wp:featuredmedia":[{"embeddable":true,"href":"https:\/\/kapselart.ee\/en\/wp-json\/wp\/v2\/media\/921"}],"wp:attachment":[{"href":"https:\/\/kapselart.ee\/en\/wp-json\/wp\/v2\/media?parent=1003"}],"wp:term":[{"taxonomy":"product_brand","embeddable":true,"href":"https:\/\/kapselart.ee\/en\/wp-json\/wp\/v2\/product_brand?post=1003"},{"taxonomy":"product_cat","embeddable":true,"href":"https:\/\/kapselart.ee\/en\/wp-json\/wp\/v2\/product_cat?post=1003"},{"taxonomy":"product_tag","embeddable":true,"href":"https:\/\/kapselart.ee\/en\/wp-json\/wp\/v2\/product_tag?post=1003"}],"curies":[{"name":"wp","href":"https:\/\/api.w.org\/{rel}","templated":true}]}}