{"id":1007,"date":"2026-01-25T19:47:14","date_gmt":"2026-01-25T19:47:14","guid":{"rendered":"https:\/\/kapselart.ee\/?post_type=product&#038;p=1007"},"modified":"2026-01-25T19:59:57","modified_gmt":"2026-01-25T19:59:57","slug":"mauritz-karstrom-malningar-2006-se","status":"publish","type":"product","link":"https:\/\/kapselart.ee\/en\/product\/mauritz-karstrom-malningar-2006-se\/","title":{"rendered":"Mauritz Karstr\u00f6m m\u00e5lningar, 2006, SE"},"content":{"rendered":"<p data-start=\"330\" data-end=\"350\"><strong data-start=\"53\" data-end=\"63\">Title<\/strong>: Mauritz Karstr\u00f6m m\u00e5lningar<\/p>\n<p data-start=\"330\" data-end=\"350\"><strong>Author<\/strong>: &#8211;<\/p>\n<p data-start=\"330\" data-end=\"350\"><strong>Year of Issue<\/strong>: 2006<\/p>\n<p data-start=\"330\" data-end=\"350\"><strong>Size<\/strong>: 50&#215;70 cm<\/p>\n<p data-start=\"330\" data-end=\"350\"><strong>Circulation<\/strong>: &#8211;<\/p>\n<p data-start=\"330\" data-end=\"350\"><strong>Print shop<\/strong>: Palmeblads Tryckeri AB<\/p>\n<p data-start=\"330\" data-end=\"350\"><strong data-start=\"334\" data-end=\"350\">Description:<\/strong><\/p>\n<p data-start=\"330\" data-end=\"350\">Karstr\u00f6m himself was a Swedish painter (1962\u20132005), born in Link\u00f6ping, later connected to Trollh\u00e4ttan and G\u00f6teborg, and educated via Lunnevads folkh\u00f6gskola, art schools in Stockholm, Nordiska Konstskolan in Kokkola (Finland) and Valand in G\u00f6teborg. He\u2019s commonly described as working in an expressive, intuitive mode linked to abstract expressionism\/action painting, with influences often noted as Willem de Kooning and Bengt Lindstr\u00f6m.<\/p>\n<p data-start=\"0\" data-end=\"79\"><strong>Condition &amp; Important Notes<\/strong><\/p>\n<p data-start=\"1084\" data-end=\"1228\">As an original vintage poster, expect some age-related signs: slight fading, fold lines or minor creases, edge wear. Please inspect carefully.<\/p>","protected":false},"excerpt":{"rendered":"<p>Title: Mauritz Karstr\u00f6m m\u00e5lningar Author: &#8211; Year of Issue: 2006 Size: 50&#215;70 cm Circulation: &#8211; Print shop: Palmeblads Tryckeri AB Description: Karstr\u00f6m himself was a Swedish painter (1962\u20132005), born in Link\u00f6ping, later connected to Trollh\u00e4ttan and G\u00f6teborg, and educated via Lunnevads folkh\u00f6gskola, art schools in Stockholm, Nordiska Konstskolan in Kokkola (Finland) and Valand in G\u00f6teborg. [&hellip;]<\/p>\n","protected":false},"featured_media":924,"template":"","meta":[],"product_brand":[],"product_cat":[27,24],"product_tag":[53,48],"class_list":{"0":"post-1007","1":"product","2":"type-product","3":"status-publish","4":"has-post-thumbnail","6":"product_cat-art","7":"product_cat-exhibition","8":"product_tag-2000s","9":"product_tag-sweden","11":"first","12":"instock","13":"shipping-taxable","14":"purchasable","15":"product-type-simple"},"aioseo_notices":[],"jetpack_sharing_enabled":true,"_links":{"self":[{"href":"https:\/\/kapselart.ee\/en\/wp-json\/wp\/v2\/product\/1007","targetHints":{"allow":["GET"]}}],"collection":[{"href":"https:\/\/kapselart.ee\/en\/wp-json\/wp\/v2\/product"}],"about":[{"href":"https:\/\/kapselart.ee\/en\/wp-json\/wp\/v2\/types\/product"}],"wp:featuredmedia":[{"embeddable":true,"href":"https:\/\/kapselart.ee\/en\/wp-json\/wp\/v2\/media\/924"}],"wp:attachment":[{"href":"https:\/\/kapselart.ee\/en\/wp-json\/wp\/v2\/media?parent=1007"}],"wp:term":[{"taxonomy":"product_brand","embeddable":true,"href":"https:\/\/kapselart.ee\/en\/wp-json\/wp\/v2\/product_brand?post=1007"},{"taxonomy":"product_cat","embeddable":true,"href":"https:\/\/kapselart.ee\/en\/wp-json\/wp\/v2\/product_cat?post=1007"},{"taxonomy":"product_tag","embeddable":true,"href":"https:\/\/kapselart.ee\/en\/wp-json\/wp\/v2\/product_tag?post=1007"}],"curies":[{"name":"wp","href":"https:\/\/api.w.org\/{rel}","templated":true}]}}