{"id":1050,"date":"2026-01-28T21:07:18","date_gmt":"2026-01-28T21:07:18","guid":{"rendered":"https:\/\/kapselart.ee\/?post_type=product&#038;p=1050"},"modified":"2026-01-28T21:09:47","modified_gmt":"2026-01-28T21:09:47","slug":"visages-by-belegou-1992-se","status":"publish","type":"product","link":"https:\/\/kapselart.ee\/en\/product\/visages-by-belegou-1992-se\/","title":{"rendered":"Visages by B\u00e9l\u00e9gou, 1992, SE"},"content":{"rendered":"<p data-start=\"330\" data-end=\"350\"><strong data-start=\"53\" data-end=\"63\">Title<\/strong>: <em data-start=\"26\" data-end=\"35\" data-is-only-node=\"\">Visages<\/em> by B\u00e9l\u00e9gou<\/p>\n<p data-start=\"330\" data-end=\"350\"><strong>Author<\/strong>: &#8211;<\/p>\n<p data-start=\"330\" data-end=\"350\"><strong>Year of Issue<\/strong>: 1992<\/p>\n<p data-start=\"330\" data-end=\"350\"><strong>Size<\/strong>: 64.8&#215;102 cm<\/p>\n<p data-start=\"330\" data-end=\"350\"><strong>Circulation<\/strong>: &#8211;<\/p>\n<p data-start=\"330\" data-end=\"350\"><strong>Print shop<\/strong>: &#8211;<\/p>\n<p data-start=\"330\" data-end=\"350\"><strong data-start=\"334\" data-end=\"350\">Description:<\/strong><\/p>\n<p data-start=\"0\" data-end=\"402\">This exhibition poster, <em data-start=\"26\" data-end=\"35\" data-is-only-node=\"\">Visages<\/em> by B\u00e9l\u00e9gou, promotes a photographic show held at the Institut Fran\u00e7ais de Stockholm in 1992.<\/p>\n<p data-start=\"0\" data-end=\"79\"><strong>Condition &amp; Important Notes<\/strong><\/p>\n<p data-start=\"1084\" data-end=\"1228\">As an original vintage poster, expect some age-related signs: slight fading, fold lines or minor creases, edge wear. Please inspect carefully.<\/p>","protected":false},"excerpt":{"rendered":"<p>Title: Visages by B\u00e9l\u00e9gou Author: &#8211; Year of Issue: 1992 Size: 64.8&#215;102 cm Circulation: &#8211; Print shop: &#8211; Description: This exhibition poster, Visages by B\u00e9l\u00e9gou, promotes a photographic show held at the Institut Fran\u00e7ais de Stockholm in 1992. Condition &amp; Important Notes As an original vintage poster, expect some age-related signs: slight fading, fold lines [&hellip;]<\/p>\n","protected":false},"featured_media":980,"template":"","meta":[],"product_brand":[],"product_cat":[24,63],"product_tag":[40,48],"class_list":{"0":"post-1050","1":"product","2":"type-product","3":"status-publish","4":"has-post-thumbnail","6":"product_cat-exhibition","7":"product_cat-photography","8":"product_tag-90s","9":"product_tag-sweden","11":"first","12":"instock","13":"shipping-taxable","14":"purchasable","15":"product-type-simple"},"aioseo_notices":[],"jetpack_sharing_enabled":true,"_links":{"self":[{"href":"https:\/\/kapselart.ee\/en\/wp-json\/wp\/v2\/product\/1050","targetHints":{"allow":["GET"]}}],"collection":[{"href":"https:\/\/kapselart.ee\/en\/wp-json\/wp\/v2\/product"}],"about":[{"href":"https:\/\/kapselart.ee\/en\/wp-json\/wp\/v2\/types\/product"}],"wp:featuredmedia":[{"embeddable":true,"href":"https:\/\/kapselart.ee\/en\/wp-json\/wp\/v2\/media\/980"}],"wp:attachment":[{"href":"https:\/\/kapselart.ee\/en\/wp-json\/wp\/v2\/media?parent=1050"}],"wp:term":[{"taxonomy":"product_brand","embeddable":true,"href":"https:\/\/kapselart.ee\/en\/wp-json\/wp\/v2\/product_brand?post=1050"},{"taxonomy":"product_cat","embeddable":true,"href":"https:\/\/kapselart.ee\/en\/wp-json\/wp\/v2\/product_cat?post=1050"},{"taxonomy":"product_tag","embeddable":true,"href":"https:\/\/kapselart.ee\/en\/wp-json\/wp\/v2\/product_tag?post=1050"}],"curies":[{"name":"wp","href":"https:\/\/api.w.org\/{rel}","templated":true}]}}