{"id":1052,"date":"2026-01-29T20:30:22","date_gmt":"2026-01-29T20:30:22","guid":{"rendered":"https:\/\/kapselart.ee\/?post_type=product&#038;p=1052"},"modified":"2026-01-29T20:32:30","modified_gmt":"2026-01-29T20:32:30","slug":"vatmark-vard-att-varda-1977-se","status":"publish","type":"product","link":"https:\/\/kapselart.ee\/en\/product\/vatmark-vard-att-varda-1977-se\/","title":{"rendered":"V\u00e5tmark v\u00e4rd att v\u00e5rda, 1977, SE"},"content":{"rendered":"<p data-start=\"330\" data-end=\"350\"><strong data-start=\"53\" data-end=\"63\">Title<\/strong>: V\u00e5tmark v\u00e4rd att v\u00e5rda<\/p>\n<p data-start=\"330\" data-end=\"350\"><strong>Author<\/strong>: Anna Karlsson<\/p>\n<p data-start=\"330\" data-end=\"350\"><strong>Year of Issue<\/strong>: 1977<\/p>\n<p data-start=\"330\" data-end=\"350\"><strong>Size<\/strong>: 67&#215;99.5 cm<\/p>\n<p data-start=\"330\" data-end=\"350\"><strong>Circulation<\/strong>: &#8211;<\/p>\n<p data-start=\"330\" data-end=\"350\"><strong>Print shop<\/strong>: &#8211;<\/p>\n<p data-start=\"330\" data-end=\"350\"><strong data-start=\"334\" data-end=\"350\">Description:<\/strong><\/p>\n<p data-start=\"0\" data-end=\"402\">This is a Swedish nature\/activism-style poster about wetlands. The headline reads \u201cV\u00c5TMARK \u2013 v\u00e4rd att v\u00e5rda\u201d which basically means \u201cWetlands \u2013 worth caring for\u201d (or \u201cworth protecting\u201d). Under that it has a very \u201cstudy circle\u201d call-to-action: \u201cSTUDERA \u00b7 DISKUTERA \u00b7 AGERA\u201d = Study \u00b7 Discuss \u00b7 Act.<\/p>\n<p data-start=\"0\" data-end=\"79\"><strong>Condition &amp; Important Notes<\/strong><\/p>\n<p data-start=\"1084\" data-end=\"1228\">As an original vintage poster, expect some age-related signs: slight fading, fold lines or minor creases, edge wear. Please inspect carefully.<\/p>","protected":false},"excerpt":{"rendered":"<p>Title: V\u00e5tmark v\u00e4rd att v\u00e5rda Author: Anna Karlsson Year of Issue: 1977 Size: 67&#215;99.5 cm Circulation: &#8211; Print shop: &#8211; Description: This is a Swedish nature\/activism-style poster about wetlands. The headline reads \u201cV\u00c5TMARK \u2013 v\u00e4rd att v\u00e5rda\u201d which basically means \u201cWetlands \u2013 worth caring for\u201d (or \u201cworth protecting\u201d). Under that it has a very \u201cstudy [&hellip;]<\/p>\n","protected":false},"featured_media":982,"template":"","meta":[],"product_brand":[],"product_cat":[28],"product_tag":[47,48],"class_list":{"0":"post-1052","1":"product","2":"type-product","3":"status-publish","4":"has-post-thumbnail","6":"product_cat-political","7":"product_tag-70s","8":"product_tag-sweden","10":"first","11":"instock","12":"shipping-taxable","13":"purchasable","14":"product-type-simple"},"aioseo_notices":[],"jetpack_sharing_enabled":true,"_links":{"self":[{"href":"https:\/\/kapselart.ee\/en\/wp-json\/wp\/v2\/product\/1052","targetHints":{"allow":["GET"]}}],"collection":[{"href":"https:\/\/kapselart.ee\/en\/wp-json\/wp\/v2\/product"}],"about":[{"href":"https:\/\/kapselart.ee\/en\/wp-json\/wp\/v2\/types\/product"}],"wp:featuredmedia":[{"embeddable":true,"href":"https:\/\/kapselart.ee\/en\/wp-json\/wp\/v2\/media\/982"}],"wp:attachment":[{"href":"https:\/\/kapselart.ee\/en\/wp-json\/wp\/v2\/media?parent=1052"}],"wp:term":[{"taxonomy":"product_brand","embeddable":true,"href":"https:\/\/kapselart.ee\/en\/wp-json\/wp\/v2\/product_brand?post=1052"},{"taxonomy":"product_cat","embeddable":true,"href":"https:\/\/kapselart.ee\/en\/wp-json\/wp\/v2\/product_cat?post=1052"},{"taxonomy":"product_tag","embeddable":true,"href":"https:\/\/kapselart.ee\/en\/wp-json\/wp\/v2\/product_tag?post=1052"}],"curies":[{"name":"wp","href":"https:\/\/api.w.org\/{rel}","templated":true}]}}