{"id":534,"date":"2025-10-15T19:22:43","date_gmt":"2025-10-15T19:22:43","guid":{"rendered":"https:\/\/kapselart.ee\/?post_type=product&#038;p=534"},"modified":"2025-10-15T19:27:53","modified_gmt":"2025-10-15T19:27:53","slug":"nadalalopp-uksikul-saarel-1987-ussr","status":"publish","type":"product","link":"https:\/\/kapselart.ee\/en\/product\/nadalalopp-uksikul-saarel-1987-ussr\/","title":{"rendered":"N\u00e4dalal\u00f5pp \u00fcksikul saarel, 1987, USSR"},"content":{"rendered":"<p data-start=\"1047\" data-end=\"1081\"><strong>Title<\/strong>: N\u00e4dalal\u00f5pp \u00fcksikul saarel<\/p>\n<p data-start=\"1047\" data-end=\"1081\"><strong>Year of Issue<\/strong>: 1987<\/p>\n<p data-start=\"1047\" data-end=\"1081\"><strong data-start=\"1047\" data-end=\"1079\">Condition &amp; Important Notes<\/strong><\/p>\n<p data-start=\"1084\" data-end=\"1228\">The photos have been taken whilst the poster has been enclosed in a plastic file. The poster is not laminated.<\/p>\n<p data-start=\"1084\" data-end=\"1228\">As an original vintage poster, expect some age-related signs: slight fading, fold lines or minor creases, edge wear. Please inspect carefully.<\/p>","protected":false},"excerpt":{"rendered":"<p>Title: N\u00e4dalal\u00f5pp \u00fcksikul saarel Year of Issue: 1987 Condition &amp; Important Notes The photos have been taken whilst the poster has been enclosed in a plastic file. The poster is not laminated. As an original vintage poster, expect some age-related signs: slight fading, fold lines or minor creases, edge wear. Please inspect carefully.<\/p>","protected":false},"featured_media":522,"template":"","meta":[],"product_brand":[],"product_cat":[22],"product_tag":[36,41],"class_list":{"0":"post-534","1":"product","2":"type-product","3":"status-publish","4":"has-post-thumbnail","6":"product_cat-film","7":"product_tag-80s","8":"product_tag-ussr","10":"first","11":"instock","12":"shipping-taxable","13":"purchasable","14":"product-type-simple"},"aioseo_notices":[],"jetpack_sharing_enabled":true,"_links":{"self":[{"href":"https:\/\/kapselart.ee\/en\/wp-json\/wp\/v2\/product\/534","targetHints":{"allow":["GET"]}}],"collection":[{"href":"https:\/\/kapselart.ee\/en\/wp-json\/wp\/v2\/product"}],"about":[{"href":"https:\/\/kapselart.ee\/en\/wp-json\/wp\/v2\/types\/product"}],"wp:featuredmedia":[{"embeddable":true,"href":"https:\/\/kapselart.ee\/en\/wp-json\/wp\/v2\/media\/522"}],"wp:attachment":[{"href":"https:\/\/kapselart.ee\/en\/wp-json\/wp\/v2\/media?parent=534"}],"wp:term":[{"taxonomy":"product_brand","embeddable":true,"href":"https:\/\/kapselart.ee\/en\/wp-json\/wp\/v2\/product_brand?post=534"},{"taxonomy":"product_cat","embeddable":true,"href":"https:\/\/kapselart.ee\/en\/wp-json\/wp\/v2\/product_cat?post=534"},{"taxonomy":"product_tag","embeddable":true,"href":"https:\/\/kapselart.ee\/en\/wp-json\/wp\/v2\/product_tag?post=534"}],"curies":[{"name":"wp","href":"https:\/\/api.w.org\/{rel}","templated":true}]}}