{"id":540,"date":"2025-10-15T19:41:31","date_gmt":"2025-10-15T19:41:31","guid":{"rendered":"https:\/\/kapselart.ee\/?post_type=product&#038;p=540"},"modified":"2025-10-15T19:47:52","modified_gmt":"2025-10-15T19:47:52","slug":"kalurid-1958-ee","status":"publish","type":"product","link":"https:\/\/kapselart.ee\/en\/product\/kalurid-1958-ee\/","title":{"rendered":"Kalurid!, 1958, EE"},"content":{"rendered":"<p data-start=\"103\" data-end=\"637\"><strong data-start=\"103\" data-end=\"113\">Title:<\/strong> <em data-start=\"114\" data-end=\"169\">Kalurid! \u00c4rge p\u00fc\u00fcdke r\u00e4ime alla 10 cm, kilu alla 8 cm<\/em> (Fishermen! Do not catch sprats under 10 cm, Baltic herring under 8 cm)<\/p>\n<p data-start=\"103\" data-end=\"637\"><strong data-start=\"244\" data-end=\"266\">Designer \/ Artist:<\/strong> <span class=\"hover:entity-accent entity-underline inline cursor-pointer align-baseline\"><span class=\"whitespace-normal\">R. Dementjev<\/span><\/span><\/p>\n<p data-start=\"103\" data-end=\"637\"><strong data-start=\"307\" data-end=\"330\">Publisher \/ Issuer:<\/strong> <span class=\"hover:entity-accent entity-underline inline cursor-pointer align-baseline\"><span class=\"whitespace-normal\">Eesti\u202fRiiklik\u202fKalavarude\u202fKaitsmise\u00a0ja\u00a0Taastamise\u00a0ning\u00a0Kalap\u00fc\u00fcgi\u202fReguleerimise\u202fInspektsioon<\/span><\/span> (Estonian State Inspectorate for Protection &amp; Regulation of Fishery Resources)<\/p>\n<p data-start=\"103\" data-end=\"637\"><strong data-start=\"488\" data-end=\"506\">Year of Issue:<\/strong> 1958<\/p>\n<p data-start=\"644\" data-end=\"1248\"><strong data-start=\"644\" data-end=\"660\">Description<\/strong><\/p>\n<p data-start=\"644\" data-end=\"1248\">This poster was produced in 1958 as a public-information campaign in the Estonian SSR to regulate fishing of young sprats and Baltic herrings: <em data-start=\"806\" data-end=\"880\">\u201cFishermen! Do not catch sprats under 10 cm, Baltic herring under 8 cm.\u201d<\/em> \u00a0The design combines utilitarian messaging with a striking visual: a fishing vessel hauling its net, emphasising the theme of resource protection and sustainable fishing.<\/p>\n<p data-start=\"1047\" data-end=\"1081\"><strong data-start=\"1047\" data-end=\"1079\">Condition &amp; Important Notes<\/strong><\/p>\n<p data-start=\"1084\" data-end=\"1228\">The photos have been taken whilst the poster has been enclosed in a plastic file. The poster is not laminated.<\/p>\n<p data-start=\"1084\" data-end=\"1228\">The top of the poster has extensive damage!<\/p>","protected":false},"excerpt":{"rendered":"<p>Title: Kalurid! \u00c4rge p\u00fc\u00fcdke r\u00e4ime alla 10 cm, kilu alla 8 cm (Fishermen! Do not catch sprats under 10 cm, Baltic herring under 8 cm) Designer \/ Artist: R. Dementjev Publisher \/ Issuer: Eesti\u202fRiiklik\u202fKalavarude\u202fKaitsmise\u00a0ja\u00a0Taastamise\u00a0ning\u00a0Kalap\u00fc\u00fcgi\u202fReguleerimise\u202fInspektsioon (Estonian State Inspectorate for Protection &amp; Regulation of Fishery Resources) Year of Issue: 1958 Description This poster was produced in 1958 [&hellip;]<\/p>\n","protected":false},"featured_media":527,"template":"","meta":[],"product_brand":[],"product_cat":[43,28],"product_tag":[44,42],"class_list":{"0":"post-540","1":"product","2":"type-product","3":"status-publish","4":"has-post-thumbnail","6":"product_cat-fishing","7":"product_cat-political","8":"product_tag-50s","9":"product_tag-estonia","11":"first","12":"instock","13":"shipping-taxable","14":"purchasable","15":"product-type-simple"},"aioseo_notices":[],"jetpack_sharing_enabled":true,"_links":{"self":[{"href":"https:\/\/kapselart.ee\/en\/wp-json\/wp\/v2\/product\/540","targetHints":{"allow":["GET"]}}],"collection":[{"href":"https:\/\/kapselart.ee\/en\/wp-json\/wp\/v2\/product"}],"about":[{"href":"https:\/\/kapselart.ee\/en\/wp-json\/wp\/v2\/types\/product"}],"wp:featuredmedia":[{"embeddable":true,"href":"https:\/\/kapselart.ee\/en\/wp-json\/wp\/v2\/media\/527"}],"wp:attachment":[{"href":"https:\/\/kapselart.ee\/en\/wp-json\/wp\/v2\/media?parent=540"}],"wp:term":[{"taxonomy":"product_brand","embeddable":true,"href":"https:\/\/kapselart.ee\/en\/wp-json\/wp\/v2\/product_brand?post=540"},{"taxonomy":"product_cat","embeddable":true,"href":"https:\/\/kapselart.ee\/en\/wp-json\/wp\/v2\/product_cat?post=540"},{"taxonomy":"product_tag","embeddable":true,"href":"https:\/\/kapselart.ee\/en\/wp-json\/wp\/v2\/product_tag?post=540"}],"curies":[{"name":"wp","href":"https:\/\/api.w.org\/{rel}","templated":true}]}}