{"id":564,"date":"2025-10-16T18:22:56","date_gmt":"2025-10-16T18:22:56","guid":{"rendered":"https:\/\/kapselart.ee\/?post_type=product&#038;p=564"},"modified":"2025-10-16T18:31:56","modified_gmt":"2025-10-16T18:31:56","slug":"deportacijas-1989-lv","status":"publish","type":"product","link":"https:\/\/kapselart.ee\/en\/product\/deportacijas-1989-lv\/","title":{"rendered":"Deport\u0101cijas, 1989, LV"},"content":{"rendered":"<p data-start=\"1047\" data-end=\"1081\"><strong>Designer<\/strong>: Laimo\u0146a \u0160\u0113nberga<\/p>\n<h3 data-start=\"735\" data-end=\"752\">Description<\/h3>\n<p data-start=\"753\" data-end=\"1394\">The poster is a somber and powerful visual statement: it addresses the forced deportation of tens of thousands of Latvians during the Soviet era, particularly the 1949 operation \u201cPriboi\u201d (referred to as \u201cKrasta banga\u201d in Latvian) which removed around 42,000 people.<\/p>\n<p data-start=\"1047\" data-end=\"1081\"><strong data-start=\"1047\" data-end=\"1079\">Condition &amp; Important Notes<\/strong><\/p>\n<p data-start=\"1084\" data-end=\"1228\">The photos have been taken whilst the poster has been enclosed in a plastic file. The poster is not laminated.<\/p>\n<p data-start=\"1084\" data-end=\"1228\">As an original vintage poster, expect some age-related signs: slight fading, fold lines or minor creases, edge wear. Please inspect carefully.<\/p>","protected":false},"excerpt":{"rendered":"<p>Designer: Laimo\u0146a \u0160\u0113nberga Description The poster is a somber and powerful visual statement: it addresses the forced deportation of tens of thousands of Latvians during the Soviet era, particularly the 1949 operation \u201cPriboi\u201d (referred to as \u201cKrasta banga\u201d in Latvian) which removed around 42,000 people. Condition &amp; Important Notes The photos have been taken whilst [&hellip;]<\/p>\n","protected":false},"featured_media":551,"template":"","meta":[],"product_brand":[],"product_cat":[18],"product_tag":[36,51],"class_list":{"0":"post-564","1":"product","2":"type-product","3":"status-publish","4":"has-post-thumbnail","6":"product_cat-maaramata","7":"product_tag-80s","8":"product_tag-latvia","10":"first","11":"instock","12":"shipping-taxable","13":"purchasable","14":"product-type-simple"},"aioseo_notices":[],"jetpack_sharing_enabled":true,"_links":{"self":[{"href":"https:\/\/kapselart.ee\/en\/wp-json\/wp\/v2\/product\/564","targetHints":{"allow":["GET"]}}],"collection":[{"href":"https:\/\/kapselart.ee\/en\/wp-json\/wp\/v2\/product"}],"about":[{"href":"https:\/\/kapselart.ee\/en\/wp-json\/wp\/v2\/types\/product"}],"wp:featuredmedia":[{"embeddable":true,"href":"https:\/\/kapselart.ee\/en\/wp-json\/wp\/v2\/media\/551"}],"wp:attachment":[{"href":"https:\/\/kapselart.ee\/en\/wp-json\/wp\/v2\/media?parent=564"}],"wp:term":[{"taxonomy":"product_brand","embeddable":true,"href":"https:\/\/kapselart.ee\/en\/wp-json\/wp\/v2\/product_brand?post=564"},{"taxonomy":"product_cat","embeddable":true,"href":"https:\/\/kapselart.ee\/en\/wp-json\/wp\/v2\/product_cat?post=564"},{"taxonomy":"product_tag","embeddable":true,"href":"https:\/\/kapselart.ee\/en\/wp-json\/wp\/v2\/product_tag?post=564"}],"curies":[{"name":"wp","href":"https:\/\/api.w.org\/{rel}","templated":true}]}}