{"id":612,"date":"2025-10-17T17:57:55","date_gmt":"2025-10-17T17:57:55","guid":{"rendered":"https:\/\/kapselart.ee\/?post_type=product&#038;p=612"},"modified":"2025-10-17T18:01:09","modified_gmt":"2025-10-17T18:01:09","slug":"picasso-portratterad-picasso-ater-sjotunga-meuniere-1988-se","status":"publish","type":"product","link":"https:\/\/kapselart.ee\/en\/product\/picasso-portratterad-picasso-ater-sjotunga-meuniere-1988-se\/","title":{"rendered":"Picasso Portr\u00e4tterad &#8211; Picasso \u00e4ter sj\u00f6tunga meuniere, 1988, SE"},"content":{"rendered":"<p data-start=\"0\" data-end=\"128\"><strong>Title<\/strong>: <em>Picasso Portr\u00e4tterad &#8211; Picasso \u00e4ter sj\u00f6tunga meuniere (Picasso Portrayed &#8211; Picasso eats sole meuniere)<\/em><\/p>\n<p data-start=\"0\" data-end=\"128\"><strong>Author<\/strong>: D.D. Duncan<\/p>\n<p data-start=\"0\" data-end=\"128\"><strong>Year of Issue<\/strong>: 1988<\/p>\n<p data-start=\"0\" data-end=\"128\"><strong>Size<\/strong>: 50&#215;70 cm<\/p>\n<p data-start=\"0\" data-end=\"128\"><strong>Description<\/strong><\/p>\n<p data-start=\"0\" data-end=\"128\">Poster from 1988 Fotografiska Museet I Moderna Museet exhibition.<\/p>\n<p data-start=\"0\" data-end=\"128\"><strong data-start=\"1047\" data-end=\"1079\">Condition &amp; Important Notes<\/strong><\/p>\n<p data-start=\"1084\" data-end=\"1228\">The photos have been taken whilst the poster has been enclosed in a plastic file. The poster is not laminated.<\/p>\n<p data-start=\"1084\" data-end=\"1228\">As an original vintage poster, expect some age-related signs: slight fading, fold lines or minor creases, edge wear. Please inspect carefully.<\/p>","protected":false},"excerpt":{"rendered":"<p>Title: Picasso Portr\u00e4tterad &#8211; Picasso \u00e4ter sj\u00f6tunga meuniere (Picasso Portrayed &#8211; Picasso eats sole meuniere) Author: D.D. Duncan Year of Issue: 1988 Size: 50&#215;70 cm Description Poster from 1988 Fotografiska Museet I Moderna Museet exhibition. Condition &amp; Important Notes The photos have been taken whilst the poster has been enclosed in a plastic file. The [&hellip;]<\/p>\n","protected":false},"featured_media":596,"template":"","meta":[],"product_brand":[],"product_cat":[24],"product_tag":[36,48],"class_list":{"0":"post-612","1":"product","2":"type-product","3":"status-publish","4":"has-post-thumbnail","6":"product_cat-exhibition","7":"product_tag-80s","8":"product_tag-sweden","10":"first","11":"instock","12":"shipping-taxable","13":"purchasable","14":"product-type-simple"},"aioseo_notices":[],"jetpack_sharing_enabled":true,"_links":{"self":[{"href":"https:\/\/kapselart.ee\/en\/wp-json\/wp\/v2\/product\/612","targetHints":{"allow":["GET"]}}],"collection":[{"href":"https:\/\/kapselart.ee\/en\/wp-json\/wp\/v2\/product"}],"about":[{"href":"https:\/\/kapselart.ee\/en\/wp-json\/wp\/v2\/types\/product"}],"wp:featuredmedia":[{"embeddable":true,"href":"https:\/\/kapselart.ee\/en\/wp-json\/wp\/v2\/media\/596"}],"wp:attachment":[{"href":"https:\/\/kapselart.ee\/en\/wp-json\/wp\/v2\/media?parent=612"}],"wp:term":[{"taxonomy":"product_brand","embeddable":true,"href":"https:\/\/kapselart.ee\/en\/wp-json\/wp\/v2\/product_brand?post=612"},{"taxonomy":"product_cat","embeddable":true,"href":"https:\/\/kapselart.ee\/en\/wp-json\/wp\/v2\/product_cat?post=612"},{"taxonomy":"product_tag","embeddable":true,"href":"https:\/\/kapselart.ee\/en\/wp-json\/wp\/v2\/product_tag?post=612"}],"curies":[{"name":"wp","href":"https:\/\/api.w.org\/{rel}","templated":true}]}}