{"id":613,"date":"2025-10-17T18:01:17","date_gmt":"2025-10-17T18:01:17","guid":{"rendered":"https:\/\/kapselart.ee\/?post_type=product&#038;p=613"},"modified":"2025-10-17T18:04:39","modified_gmt":"2025-10-17T18:04:39","slug":"true-swag-2015-se","status":"publish","type":"product","link":"https:\/\/kapselart.ee\/en\/product\/true-swag-2015-se\/","title":{"rendered":"True Swag, 2015, SE"},"content":{"rendered":"<p data-start=\"0\" data-end=\"128\"><strong>Title<\/strong>: <em>Picasso Portr\u00e4tterad &#8211; Picasso \u00e4ter sj\u00f6tunga meuniere (Picasso Portrayed &#8211; Picasso eats sole meuniere)<\/em><\/p>\n<p data-start=\"0\" data-end=\"128\"><strong>Author<\/strong>: Charley K\u00e5berg<\/p>\n<p data-start=\"316\" data-end=\"340\"><strong>Publisher \/ Issuer<\/strong>: <span class=\"hover:entity-accent entity-underline inline cursor-pointer align-baseline\"><span class=\"whitespace-normal\">V\u00e4rldskulturmuseerna<\/span><\/span><\/p>\n<p data-start=\"0\" data-end=\"128\"><strong>Year of Issue<\/strong>: 2015<\/p>\n<p data-start=\"0\" data-end=\"128\"><strong>Size<\/strong>: 50&#215;70 cm<\/p>\n<p data-start=\"0\" data-end=\"128\">\n<p data-start=\"0\" data-end=\"128\"><strong data-start=\"1047\" data-end=\"1079\">Condition &amp; Important Notes<\/strong><\/p>\n<p data-start=\"1084\" data-end=\"1228\">The photos have been taken whilst the poster has been enclosed in a plastic file. The poster is not laminated.<\/p>\n<p data-start=\"1084\" data-end=\"1228\">As an original vintage poster, expect some age-related signs: slight fading, fold lines or minor creases, edge wear. Please inspect carefully.<\/p>","protected":false},"excerpt":{"rendered":"<p>Title: Picasso Portr\u00e4tterad &#8211; Picasso \u00e4ter sj\u00f6tunga meuniere (Picasso Portrayed &#8211; Picasso eats sole meuniere) Author: Charley K\u00e5berg Publisher \/ Issuer: V\u00e4rldskulturmuseerna Year of Issue: 2015 Size: 50&#215;70 cm Condition &amp; Important Notes The photos have been taken whilst the poster has been enclosed in a plastic file. The poster is not laminated. As an [&hellip;]<\/p>\n","protected":false},"featured_media":595,"template":"","meta":[],"product_brand":[],"product_cat":[24],"product_tag":[37,48],"class_list":{"0":"post-613","1":"product","2":"type-product","3":"status-publish","4":"has-post-thumbnail","6":"product_cat-exhibition","7":"product_tag-2010s","8":"product_tag-sweden","10":"first","11":"instock","12":"shipping-taxable","13":"purchasable","14":"product-type-simple"},"aioseo_notices":[],"jetpack_sharing_enabled":true,"_links":{"self":[{"href":"https:\/\/kapselart.ee\/en\/wp-json\/wp\/v2\/product\/613","targetHints":{"allow":["GET"]}}],"collection":[{"href":"https:\/\/kapselart.ee\/en\/wp-json\/wp\/v2\/product"}],"about":[{"href":"https:\/\/kapselart.ee\/en\/wp-json\/wp\/v2\/types\/product"}],"wp:featuredmedia":[{"embeddable":true,"href":"https:\/\/kapselart.ee\/en\/wp-json\/wp\/v2\/media\/595"}],"wp:attachment":[{"href":"https:\/\/kapselart.ee\/en\/wp-json\/wp\/v2\/media?parent=613"}],"wp:term":[{"taxonomy":"product_brand","embeddable":true,"href":"https:\/\/kapselart.ee\/en\/wp-json\/wp\/v2\/product_brand?post=613"},{"taxonomy":"product_cat","embeddable":true,"href":"https:\/\/kapselart.ee\/en\/wp-json\/wp\/v2\/product_cat?post=613"},{"taxonomy":"product_tag","embeddable":true,"href":"https:\/\/kapselart.ee\/en\/wp-json\/wp\/v2\/product_tag?post=613"}],"curies":[{"name":"wp","href":"https:\/\/api.w.org\/{rel}","templated":true}]}}