{"id":706,"date":"2025-10-18T17:24:13","date_gmt":"2025-10-18T17:24:13","guid":{"rendered":"https:\/\/kapselart.ee\/?post_type=product&#038;p=706"},"modified":"2025-10-18T17:32:04","modified_gmt":"2025-10-18T17:32:04","slug":"hakan-rehnberg-moira-en-malning-i-29-delar-1990-se","status":"publish","type":"product","link":"https:\/\/kapselart.ee\/en\/product\/hakan-rehnberg-moira-en-malning-i-29-delar-1990-se\/","title":{"rendered":"H\u00e5kan Rehnberg \u2013 \u201cMoira\u201d en m\u00e5lning i 29 delar, 1990, SE"},"content":{"rendered":"<p data-start=\"0\" data-end=\"61\"><strong data-start=\"0\" data-end=\"10\">Title:<\/strong> <em data-start=\"11\" data-end=\"59\">H\u00e5kan Rehnberg \u2013 \u201cMoira\u201d en m\u00e5lning i 29 delar<\/em><\/p>\n<p data-start=\"63\" data-end=\"104\"><strong data-start=\"63\" data-end=\"86\">Publisher \/ Issuer:<\/strong> Malm\u00f6 Konsthall<\/p>\n<p data-start=\"106\" data-end=\"136\"><strong data-start=\"106\" data-end=\"124\">Year of Issue:<\/strong> 1990<\/p>\n<p data-start=\"138\" data-end=\"234\"><strong data-start=\"138\" data-end=\"160\">Artist \/ Designer:<\/strong> H\u00e5kan Rehnberg (born 1953); exhibition poster design by Malm\u00f6 Konsthall<\/p>\n<h3 data-start=\"241\" data-end=\"261\"><strong data-start=\"245\" data-end=\"261\">Description:<\/strong><\/h3>\n<p data-start=\"262\" data-end=\"496\">This exhibition poster was produced by Malm\u00f6 Konsthall to accompany <em data-start=\"334\" data-end=\"343\">\u201cMoira\u201d<\/em>, a monumental 29-part painting installation by Swedish contemporary artist H\u00e5kan Rehnberg, exhibited from 15 December 1990 to 27 January 1991.<\/p>\n<p data-start=\"498\" data-end=\"943\">The poster reproduces one of the large-scale abstract works from the series \u2014 an image dominated by layered fields of yellow and grey. Rehnberg\u2019s paintings are known for their meditative surfaces and exploration of material temporality, where paint becomes a record of gesture and time. The title \u201cMoira,\u201d drawn from Greek mythology (the Fates), alludes to destiny and the passage of moments \u2014 central themes in Rehnberg\u2019s artistic philosophy.<\/p>\n<p data-start=\"0\" data-end=\"128\"><strong>Condition &amp; Important Notes<\/strong><\/p>\n<p data-start=\"1084\" data-end=\"1228\">The photos have been taken whilst the poster has been enclosed in a plastic file. The poster is not laminated.<\/p>\n<p data-start=\"1084\" data-end=\"1228\">As an original vintage poster, expect some age-related signs: slight fading, fold lines or minor creases, edge wear. Please inspect carefully.<\/p>","protected":false},"excerpt":{"rendered":"<p>Title: H\u00e5kan Rehnberg \u2013 \u201cMoira\u201d en m\u00e5lning i 29 delar Publisher \/ Issuer: Malm\u00f6 Konsthall Year of Issue: 1990 Artist \/ Designer: H\u00e5kan Rehnberg (born 1953); exhibition poster design by Malm\u00f6 Konsthall Description: This exhibition poster was produced by Malm\u00f6 Konsthall to accompany \u201cMoira\u201d, a monumental 29-part painting installation by Swedish contemporary artist H\u00e5kan Rehnberg, [&hellip;]<\/p>\n","protected":false},"featured_media":684,"template":"","meta":[],"product_brand":[],"product_cat":[24],"product_tag":[40,48],"class_list":{"0":"post-706","1":"product","2":"type-product","3":"status-publish","4":"has-post-thumbnail","6":"product_cat-exhibition","7":"product_tag-90s","8":"product_tag-sweden","10":"first","11":"instock","12":"shipping-taxable","13":"purchasable","14":"product-type-simple"},"aioseo_notices":[],"jetpack_sharing_enabled":true,"_links":{"self":[{"href":"https:\/\/kapselart.ee\/en\/wp-json\/wp\/v2\/product\/706","targetHints":{"allow":["GET"]}}],"collection":[{"href":"https:\/\/kapselart.ee\/en\/wp-json\/wp\/v2\/product"}],"about":[{"href":"https:\/\/kapselart.ee\/en\/wp-json\/wp\/v2\/types\/product"}],"wp:featuredmedia":[{"embeddable":true,"href":"https:\/\/kapselart.ee\/en\/wp-json\/wp\/v2\/media\/684"}],"wp:attachment":[{"href":"https:\/\/kapselart.ee\/en\/wp-json\/wp\/v2\/media?parent=706"}],"wp:term":[{"taxonomy":"product_brand","embeddable":true,"href":"https:\/\/kapselart.ee\/en\/wp-json\/wp\/v2\/product_brand?post=706"},{"taxonomy":"product_cat","embeddable":true,"href":"https:\/\/kapselart.ee\/en\/wp-json\/wp\/v2\/product_cat?post=706"},{"taxonomy":"product_tag","embeddable":true,"href":"https:\/\/kapselart.ee\/en\/wp-json\/wp\/v2\/product_tag?post=706"}],"curies":[{"name":"wp","href":"https:\/\/api.w.org\/{rel}","templated":true}]}}