{"id":798,"date":"2025-11-02T17:09:21","date_gmt":"2025-11-02T17:09:21","guid":{"rendered":"https:\/\/kapselart.ee\/?post_type=product&#038;p=798"},"modified":"2025-11-02T17:13:14","modified_gmt":"2025-11-02T17:13:14","slug":"shaft-2000-fi","status":"publish","type":"product","link":"https:\/\/kapselart.ee\/en\/product\/shaft-2000-fi\/","title":{"rendered":"Shaft, 2000, FI"},"content":{"rendered":"<p data-start=\"114\" data-end=\"600\"><strong data-start=\"114\" data-end=\"124\">Title:<\/strong> Shaft<\/p>\n<p data-start=\"114\" data-end=\"600\"><strong data-start=\"453\" data-end=\"471\">Year of issue:<\/strong> 2000<\/p>\n<p data-start=\"114\" data-end=\"600\"><strong>Size<\/strong>: 70&#215;100<\/p>\n<p data-start=\"607\" data-end=\"1053\"><strong data-start=\"607\" data-end=\"623\">Description<\/strong><\/p>\n<p data-start=\"607\" data-end=\"1053\"><strong data-start=\"210\" data-end=\"226\">Description:<\/strong><br data-start=\"226\" data-end=\"229\" \/>This Finnish theatrical poster promotes the 2000 action-crime film <em data-start=\"296\" data-end=\"303\">Shaft<\/em>, directed by John Singleton and starring Samuel L. Jackson as Detective John Shaft II. The tagline \u201cStill the man\u201d and Finnish text \u201cOnko kysytt\u00e4v\u00e4\u00e4?\u201d (\u201cAny questions?\u201d) reinforce the film\u2019s confident, stylish tone.<\/p>\n<p data-start=\"0\" data-end=\"79\"><strong>Condition &amp; Important Notes<\/strong><\/p>\n<p data-start=\"1084\" data-end=\"1228\">The photos have been taken whilst the poster has been enclosed in a plastic file. The poster is not laminated.<\/p>\n<p data-start=\"1084\" data-end=\"1228\">As an original vintage poster, expect some age-related signs: slight fading, fold lines or minor creases, edge wear. Please inspect carefully.<\/p>","protected":false},"excerpt":{"rendered":"<p>Title: Shaft Year of issue: 2000 Size: 70&#215;100 Description Description:This Finnish theatrical poster promotes the 2000 action-crime film Shaft, directed by John Singleton and starring Samuel L. Jackson as Detective John Shaft II. The tagline \u201cStill the man\u201d and Finnish text \u201cOnko kysytt\u00e4v\u00e4\u00e4?\u201d (\u201cAny questions?\u201d) reinforce the film\u2019s confident, stylish tone. Condition &amp; Important Notes [&hellip;]<\/p>\n","protected":false},"featured_media":770,"template":"","meta":[],"product_brand":[],"product_cat":[22],"product_tag":[53,38],"class_list":{"0":"post-798","1":"product","2":"type-product","3":"status-publish","4":"has-post-thumbnail","6":"product_cat-film","7":"product_tag-2000s","8":"product_tag-finland","10":"first","11":"instock","12":"shipping-taxable","13":"purchasable","14":"product-type-simple"},"aioseo_notices":[],"jetpack_sharing_enabled":true,"_links":{"self":[{"href":"https:\/\/kapselart.ee\/en\/wp-json\/wp\/v2\/product\/798","targetHints":{"allow":["GET"]}}],"collection":[{"href":"https:\/\/kapselart.ee\/en\/wp-json\/wp\/v2\/product"}],"about":[{"href":"https:\/\/kapselart.ee\/en\/wp-json\/wp\/v2\/types\/product"}],"wp:featuredmedia":[{"embeddable":true,"href":"https:\/\/kapselart.ee\/en\/wp-json\/wp\/v2\/media\/770"}],"wp:attachment":[{"href":"https:\/\/kapselart.ee\/en\/wp-json\/wp\/v2\/media?parent=798"}],"wp:term":[{"taxonomy":"product_brand","embeddable":true,"href":"https:\/\/kapselart.ee\/en\/wp-json\/wp\/v2\/product_brand?post=798"},{"taxonomy":"product_cat","embeddable":true,"href":"https:\/\/kapselart.ee\/en\/wp-json\/wp\/v2\/product_cat?post=798"},{"taxonomy":"product_tag","embeddable":true,"href":"https:\/\/kapselart.ee\/en\/wp-json\/wp\/v2\/product_tag?post=798"}],"curies":[{"name":"wp","href":"https:\/\/api.w.org\/{rel}","templated":true}]}}