{"id":807,"date":"2025-11-02T19:07:59","date_gmt":"2025-11-02T19:07:59","guid":{"rendered":"https:\/\/kapselart.ee\/?post_type=product&#038;p=807"},"modified":"2025-11-02T19:10:19","modified_gmt":"2025-11-02T19:10:19","slug":"meie-ohtused-roomud-1986-ee","status":"publish","type":"product","link":"https:\/\/kapselart.ee\/en\/product\/meie-ohtused-roomud-1986-ee\/","title":{"rendered":"Meie \u00f5htused r\u00f5\u00f5mud, 1986, EE"},"content":{"rendered":"<p data-start=\"114\" data-end=\"600\"><strong data-start=\"114\" data-end=\"124\">Title:<\/strong> Meie \u00f5htused r\u00f5\u00f5mud<\/p>\n<p data-start=\"114\" data-end=\"600\"><strong data-start=\"28\" data-end=\"48\">Designer\/Artist:<\/strong> V. J\u00e4rmut, E. K\u00e4rmas<\/p>\n<p data-start=\"114\" data-end=\"600\"><strong>Circulation<\/strong>: 500<\/p>\n<p data-start=\"114\" data-end=\"600\"><strong data-start=\"453\" data-end=\"471\">Year of issue:<\/strong> 1986<\/p>\n<p data-start=\"114\" data-end=\"600\"><strong>Description<\/strong><\/p>\n<p data-start=\"114\" data-end=\"600\">This poster promotes the theatrical revue <em data-start=\"171\" data-end=\"192\">Meie \u00f5htused r\u00f5\u00f5mud<\/em> by Estonian writer Toomas Kall staged at Vanalinna Stuudio (Tallinn). The production satirised late-Soviet mass media and explored entertainment culture under socialism.<\/p>\n<p data-start=\"0\" data-end=\"79\"><strong>Condition &amp; Important Notes<\/strong><\/p>\n<p data-start=\"1084\" data-end=\"1228\">The photos have been taken whilst the poster has been enclosed in a plastic file. The poster is not laminated.<\/p>\n<p data-start=\"1084\" data-end=\"1228\">As an original vintage poster, expect some age-related signs: slight fading, fold lines or minor creases, edge wear. Please inspect carefully.<\/p>","protected":false},"excerpt":{"rendered":"<p>Title: Meie \u00f5htused r\u00f5\u00f5mud Designer\/Artist: V. J\u00e4rmut, E. K\u00e4rmas Circulation: 500 Year of issue: 1986 Description This poster promotes the theatrical revue Meie \u00f5htused r\u00f5\u00f5mud by Estonian writer Toomas Kall staged at Vanalinna Stuudio (Tallinn). The production satirised late-Soviet mass media and explored entertainment culture under socialism. Condition &amp; Important Notes The photos have been [&hellip;]<\/p>\n","protected":false},"featured_media":778,"template":"","meta":[],"product_brand":[],"product_cat":[23],"product_tag":[36,42],"class_list":{"0":"post-807","1":"product","2":"type-product","3":"status-publish","4":"has-post-thumbnail","6":"product_cat-theatre","7":"product_tag-80s","8":"product_tag-estonia","10":"first","11":"instock","12":"shipping-taxable","13":"purchasable","14":"product-type-simple"},"aioseo_notices":[],"jetpack_sharing_enabled":true,"_links":{"self":[{"href":"https:\/\/kapselart.ee\/en\/wp-json\/wp\/v2\/product\/807","targetHints":{"allow":["GET"]}}],"collection":[{"href":"https:\/\/kapselart.ee\/en\/wp-json\/wp\/v2\/product"}],"about":[{"href":"https:\/\/kapselart.ee\/en\/wp-json\/wp\/v2\/types\/product"}],"wp:featuredmedia":[{"embeddable":true,"href":"https:\/\/kapselart.ee\/en\/wp-json\/wp\/v2\/media\/778"}],"wp:attachment":[{"href":"https:\/\/kapselart.ee\/en\/wp-json\/wp\/v2\/media?parent=807"}],"wp:term":[{"taxonomy":"product_brand","embeddable":true,"href":"https:\/\/kapselart.ee\/en\/wp-json\/wp\/v2\/product_brand?post=807"},{"taxonomy":"product_cat","embeddable":true,"href":"https:\/\/kapselart.ee\/en\/wp-json\/wp\/v2\/product_cat?post=807"},{"taxonomy":"product_tag","embeddable":true,"href":"https:\/\/kapselart.ee\/en\/wp-json\/wp\/v2\/product_tag?post=807"}],"curies":[{"name":"wp","href":"https:\/\/api.w.org\/{rel}","templated":true}]}}