{"id":812,"date":"2025-11-02T19:21:51","date_gmt":"2025-11-02T19:21:51","guid":{"rendered":"https:\/\/kapselart.ee\/?post_type=product&#038;p=812"},"modified":"2025-11-02T19:41:21","modified_gmt":"2025-11-02T19:41:21","slug":"jugend-1992-fi","status":"publish","type":"product","link":"https:\/\/kapselart.ee\/en\/product\/jugend-1992-fi\/","title":{"rendered":"Jugend, 1992, FI"},"content":{"rendered":"<p data-start=\"114\" data-end=\"600\"><strong data-start=\"114\" data-end=\"124\">Title:<\/strong> Jugend<\/p>\n<p data-start=\"114\" data-end=\"600\"><strong data-start=\"453\" data-end=\"471\">Year of issue:<\/strong> 1992<\/p>\n<p data-start=\"114\" data-end=\"600\"><strong>Description<\/strong><br \/>\nThis poster was created to promote an exhibition titled <em data-start=\"163\" data-end=\"171\">Jugend<\/em>, held from 21 May to 10 October 1992 at the H\u00e4meenlinna City Historical Museum (H\u00e4meenlinna, Finland). The exhibition focused on the Jugendstil (Art Nouveau) architectural and design heritage of H\u00e4meenlinna.<\/p>\n<p data-start=\"0\" data-end=\"79\"><strong>Condition &amp; Important Notes<\/strong><\/p>\n<p data-start=\"1084\" data-end=\"1228\">The photos have been taken whilst the poster has been enclosed in a plastic file. The poster is not laminated.<\/p>\n<p data-start=\"1084\" data-end=\"1228\">As an original vintage poster, expect some age-related signs: slight fading, fold lines or minor creases, edge wear. Please inspect carefully.<\/p>","protected":false},"excerpt":{"rendered":"<p>Title: Jugend Year of issue: 1992 Description This poster was created to promote an exhibition titled Jugend, held from 21 May to 10 October 1992 at the H\u00e4meenlinna City Historical Museum (H\u00e4meenlinna, Finland). The exhibition focused on the Jugendstil (Art Nouveau) architectural and design heritage of H\u00e4meenlinna. Condition &amp; Important Notes The photos have been [&hellip;]<\/p>\n","protected":false},"featured_media":783,"template":"","meta":[],"product_brand":[],"product_cat":[24],"product_tag":[40,38],"class_list":{"0":"post-812","1":"product","2":"type-product","3":"status-publish","4":"has-post-thumbnail","6":"product_cat-exhibition","7":"product_tag-90s","8":"product_tag-finland","10":"first","11":"instock","12":"shipping-taxable","13":"purchasable","14":"product-type-simple"},"aioseo_notices":[],"jetpack_sharing_enabled":true,"_links":{"self":[{"href":"https:\/\/kapselart.ee\/en\/wp-json\/wp\/v2\/product\/812","targetHints":{"allow":["GET"]}}],"collection":[{"href":"https:\/\/kapselart.ee\/en\/wp-json\/wp\/v2\/product"}],"about":[{"href":"https:\/\/kapselart.ee\/en\/wp-json\/wp\/v2\/types\/product"}],"wp:featuredmedia":[{"embeddable":true,"href":"https:\/\/kapselart.ee\/en\/wp-json\/wp\/v2\/media\/783"}],"wp:attachment":[{"href":"https:\/\/kapselart.ee\/en\/wp-json\/wp\/v2\/media?parent=812"}],"wp:term":[{"taxonomy":"product_brand","embeddable":true,"href":"https:\/\/kapselart.ee\/en\/wp-json\/wp\/v2\/product_brand?post=812"},{"taxonomy":"product_cat","embeddable":true,"href":"https:\/\/kapselart.ee\/en\/wp-json\/wp\/v2\/product_cat?post=812"},{"taxonomy":"product_tag","embeddable":true,"href":"https:\/\/kapselart.ee\/en\/wp-json\/wp\/v2\/product_tag?post=812"}],"curies":[{"name":"wp","href":"https:\/\/api.w.org\/{rel}","templated":true}]}}