{"id":814,"date":"2025-11-02T19:44:16","date_gmt":"2025-11-02T19:44:16","guid":{"rendered":"https:\/\/kapselart.ee\/?post_type=product&#038;p=814"},"modified":"2025-11-02T19:56:30","modified_gmt":"2025-11-02T19:56:30","slug":"barbro-backstrom-retrospektivt-1990-se","status":"publish","type":"product","link":"https:\/\/kapselart.ee\/en\/product\/barbro-backstrom-retrospektivt-1990-se\/","title":{"rendered":"Barbro B\u00e4ckstr\u00f6m \u2013 Retrospektivt, 1990, SE"},"content":{"rendered":"<p data-start=\"114\" data-end=\"600\"><strong data-start=\"0\" data-end=\"10\">Title:<\/strong> <em data-start=\"11\" data-end=\"45\" data-is-only-node=\"\">Barbro B\u00e4ckstr\u00f6m \u2013 Retrospektivt<\/em><br data-start=\"122\" data-end=\"125\" \/><strong data-start=\"125\" data-end=\"143\">Year of issue:<\/strong> 1990<br data-start=\"264\" data-end=\"267\" \/><strong data-start=\"267\" data-end=\"283\">Description:<\/strong><br data-start=\"283\" data-end=\"286\" \/>A poster issued to promote a major retrospective exhibition dedicated to Swedish sculptor Barbro B\u00e4ckstr\u00f6m (1939-1990). The show at Malm\u00f6 Konsthall presented her work over three decades (1960s-80s), focusing on her exploration of human forms, materials and<\/p>\n<p data-start=\"0\" data-end=\"79\"><strong>Condition &amp; Important Notes<\/strong><\/p>\n<p data-start=\"1084\" data-end=\"1228\">The photos have been taken whilst the poster has been enclosed in a plastic file. The poster is not laminated.<\/p>\n<p data-start=\"1084\" data-end=\"1228\">As an original vintage poster, expect some age-related signs: slight fading, fold lines or minor creases, edge wear. Please inspect carefully.<\/p>","protected":false},"excerpt":{"rendered":"<p>Title: Barbro B\u00e4ckstr\u00f6m \u2013 RetrospektivtYear of issue: 1990Description:A poster issued to promote a major retrospective exhibition dedicated to Swedish sculptor Barbro B\u00e4ckstr\u00f6m (1939-1990). The show at Malm\u00f6 Konsthall presented her work over three decades (1960s-80s), focusing on her exploration of human forms, materials and Condition &amp; Important Notes The photos have been taken whilst the [&hellip;]<\/p>\n","protected":false},"featured_media":785,"template":"","meta":[],"product_brand":[],"product_cat":[24],"product_tag":[40,48],"class_list":{"0":"post-814","1":"product","2":"type-product","3":"status-publish","4":"has-post-thumbnail","6":"product_cat-exhibition","7":"product_tag-90s","8":"product_tag-sweden","10":"first","11":"instock","12":"shipping-taxable","13":"purchasable","14":"product-type-simple"},"aioseo_notices":[],"jetpack_sharing_enabled":true,"_links":{"self":[{"href":"https:\/\/kapselart.ee\/en\/wp-json\/wp\/v2\/product\/814","targetHints":{"allow":["GET"]}}],"collection":[{"href":"https:\/\/kapselart.ee\/en\/wp-json\/wp\/v2\/product"}],"about":[{"href":"https:\/\/kapselart.ee\/en\/wp-json\/wp\/v2\/types\/product"}],"wp:featuredmedia":[{"embeddable":true,"href":"https:\/\/kapselart.ee\/en\/wp-json\/wp\/v2\/media\/785"}],"wp:attachment":[{"href":"https:\/\/kapselart.ee\/en\/wp-json\/wp\/v2\/media?parent=814"}],"wp:term":[{"taxonomy":"product_brand","embeddable":true,"href":"https:\/\/kapselart.ee\/en\/wp-json\/wp\/v2\/product_brand?post=814"},{"taxonomy":"product_cat","embeddable":true,"href":"https:\/\/kapselart.ee\/en\/wp-json\/wp\/v2\/product_cat?post=814"},{"taxonomy":"product_tag","embeddable":true,"href":"https:\/\/kapselart.ee\/en\/wp-json\/wp\/v2\/product_tag?post=814"}],"curies":[{"name":"wp","href":"https:\/\/api.w.org\/{rel}","templated":true}]}}