{"id":823,"date":"2025-11-02T20:17:15","date_gmt":"2025-11-02T20:17:15","guid":{"rendered":"https:\/\/kapselart.ee\/?post_type=product&#038;p=823"},"modified":"2025-11-02T20:20:58","modified_gmt":"2025-11-02T20:20:58","slug":"zemuogiu-pievele-lt","status":"publish","type":"product","link":"https:\/\/kapselart.ee\/en\/product\/zemuogiu-pievele-lt\/","title":{"rendered":"\u017demuogi\u0173 pievel\u0117, LT"},"content":{"rendered":"<p data-start=\"114\" data-end=\"600\"><strong>Title<\/strong>: \u017demuogi\u0173 pievel\u0117 (Wild Strawberries)<\/p>\n<p data-start=\"114\" data-end=\"600\"><strong>Circulation<\/strong>: 1000<\/p>\n<p data-start=\"114\" data-end=\"600\"><strong>Description<\/strong><\/p>\n<p data-start=\"114\" data-end=\"600\">Ingmar Bergman\u2019s Wild Strawberries (Smultronst\u00e4llet) is a 1957 Swedish film that follows Professor Isak Borg (Victor Sj\u00f6str\u00f6m) on a road trip from Stockholm to Lund to receive an honorary degree. Accompanied by his daughter-in-law Marianne (Ingrid Thulin), the journey prompts Borg to reflect on his past through dreams and encounters, leading to self-examination.<\/p>\n<p data-start=\"0\" data-end=\"79\"><strong>Condition &amp; Important Notes<\/strong><\/p>\n<p data-start=\"1084\" data-end=\"1228\">The poster has damage in the left bottom corner!<\/p>\n<p data-start=\"1084\" data-end=\"1228\">The photos have been taken whilst the poster has been enclosed in a plastic file. The poster is not laminated.<\/p>\n<p data-start=\"1084\" data-end=\"1228\">As an original vintage poster, expect some age-related signs: slight fading, fold lines or minor creases, edge wear. Please inspect carefully.<\/p>","protected":false},"excerpt":{"rendered":"<p>Title: \u017demuogi\u0173 pievel\u0117 (Wild Strawberries) Circulation: 1000 Description Ingmar Bergman\u2019s Wild Strawberries (Smultronst\u00e4llet) is a 1957 Swedish film that follows Professor Isak Borg (Victor Sj\u00f6str\u00f6m) on a road trip from Stockholm to Lund to receive an honorary degree. Accompanied by his daughter-in-law Marianne (Ingrid Thulin), the journey prompts Borg to reflect on his past through [&hellip;]<\/p>\n","protected":false},"featured_media":794,"template":"","meta":[],"product_brand":[],"product_cat":[22],"product_tag":[49],"class_list":{"0":"post-823","1":"product","2":"type-product","3":"status-publish","4":"has-post-thumbnail","6":"product_cat-film","7":"product_tag-lithuania","9":"first","10":"instock","11":"shipping-taxable","12":"purchasable","13":"product-type-simple"},"aioseo_notices":[],"jetpack_sharing_enabled":true,"_links":{"self":[{"href":"https:\/\/kapselart.ee\/en\/wp-json\/wp\/v2\/product\/823","targetHints":{"allow":["GET"]}}],"collection":[{"href":"https:\/\/kapselart.ee\/en\/wp-json\/wp\/v2\/product"}],"about":[{"href":"https:\/\/kapselart.ee\/en\/wp-json\/wp\/v2\/types\/product"}],"wp:featuredmedia":[{"embeddable":true,"href":"https:\/\/kapselart.ee\/en\/wp-json\/wp\/v2\/media\/794"}],"wp:attachment":[{"href":"https:\/\/kapselart.ee\/en\/wp-json\/wp\/v2\/media?parent=823"}],"wp:term":[{"taxonomy":"product_brand","embeddable":true,"href":"https:\/\/kapselart.ee\/en\/wp-json\/wp\/v2\/product_brand?post=823"},{"taxonomy":"product_cat","embeddable":true,"href":"https:\/\/kapselart.ee\/en\/wp-json\/wp\/v2\/product_cat?post=823"},{"taxonomy":"product_tag","embeddable":true,"href":"https:\/\/kapselart.ee\/en\/wp-json\/wp\/v2\/product_tag?post=823"}],"curies":[{"name":"wp","href":"https:\/\/api.w.org\/{rel}","templated":true}]}}