{"id":854,"date":"2025-11-04T21:22:26","date_gmt":"2025-11-04T21:22:26","guid":{"rendered":"https:\/\/kapselart.ee\/?post_type=product&#038;p=854"},"modified":"2025-11-04T21:26:04","modified_gmt":"2025-11-04T21:26:04","slug":"ohmovid-kasar-ja-eplik-2017-ee","status":"publish","type":"product","link":"https:\/\/kapselart.ee\/en\/product\/ohmovid-kasar-ja-eplik-2017-ee\/","title":{"rendered":"\u00d5hmovid (Kasar ja Eplik), 2017, EE"},"content":{"rendered":"<p data-start=\"114\" data-end=\"600\"><strong data-start=\"54\" data-end=\"64\">Title:<\/strong> \u00d5hmovid<\/p>\n<p data-start=\"114\" data-end=\"600\"><strong>Year of Issue<\/strong>: 2017<\/p>\n<p data-start=\"114\" data-end=\"600\"><b>Description<\/b><\/p>\n<p data-start=\"114\" data-end=\"600\">Jarek Kasar ja Vaiko Eplik laulavad oma s\u00f5prade laule kordumatus s\u00f5brap\u00e4eva erikavas.<\/p>\n<p data-start=\"0\" data-end=\"79\"><strong>Condition &amp; Important Notes<\/strong><\/p>\n<p data-start=\"1084\" data-end=\"1228\">The photos have been taken whilst the poster has been enclosed in a plastic file. The poster is not laminated.<\/p>\n<p data-start=\"1084\" data-end=\"1228\">As an original vintage poster, expect some age-related signs: slight fading, fold lines or minor creases, edge wear. Please inspect carefully.<\/p>","protected":false},"excerpt":{"rendered":"<p>Title: \u00d5hmovid Year of Issue: 2017 Description Jarek Kasar ja Vaiko Eplik laulavad oma s\u00f5prade laule kordumatus s\u00f5brap\u00e4eva erikavas. Condition &amp; Important Notes The photos have been taken whilst the poster has been enclosed in a plastic file. The poster is not laminated. As an original vintage poster, expect some age-related signs: slight fading, fold [&hellip;]<\/p>\n","protected":false},"featured_media":835,"template":"","meta":[],"product_brand":[],"product_cat":[25],"product_tag":[37,42],"class_list":{"0":"post-854","1":"product","2":"type-product","3":"status-publish","4":"has-post-thumbnail","6":"product_cat-music","7":"product_tag-2010s","8":"product_tag-estonia","10":"first","11":"instock","12":"shipping-taxable","13":"purchasable","14":"product-type-simple"},"aioseo_notices":[],"jetpack_sharing_enabled":true,"_links":{"self":[{"href":"https:\/\/kapselart.ee\/en\/wp-json\/wp\/v2\/product\/854","targetHints":{"allow":["GET"]}}],"collection":[{"href":"https:\/\/kapselart.ee\/en\/wp-json\/wp\/v2\/product"}],"about":[{"href":"https:\/\/kapselart.ee\/en\/wp-json\/wp\/v2\/types\/product"}],"wp:featuredmedia":[{"embeddable":true,"href":"https:\/\/kapselart.ee\/en\/wp-json\/wp\/v2\/media\/835"}],"wp:attachment":[{"href":"https:\/\/kapselart.ee\/en\/wp-json\/wp\/v2\/media?parent=854"}],"wp:term":[{"taxonomy":"product_brand","embeddable":true,"href":"https:\/\/kapselart.ee\/en\/wp-json\/wp\/v2\/product_brand?post=854"},{"taxonomy":"product_cat","embeddable":true,"href":"https:\/\/kapselart.ee\/en\/wp-json\/wp\/v2\/product_cat?post=854"},{"taxonomy":"product_tag","embeddable":true,"href":"https:\/\/kapselart.ee\/en\/wp-json\/wp\/v2\/product_tag?post=854"}],"curies":[{"name":"wp","href":"https:\/\/api.w.org\/{rel}","templated":true}]}}