{"id":961,"date":"2026-01-24T15:41:59","date_gmt":"2026-01-24T15:41:59","guid":{"rendered":"https:\/\/kapselart.ee\/?post_type=product&#038;p=961"},"modified":"2026-01-24T15:45:28","modified_gmt":"2026-01-24T15:45:28","slug":"hastern-roboten-och-det-omatbara-2023-se","status":"publish","type":"product","link":"https:\/\/kapselart.ee\/en\/product\/hastern-roboten-och-det-omatbara-2023-se\/","title":{"rendered":"H\u00e4stern, roboten och det om\u00e4tbara 2023, SE"},"content":{"rendered":"<p data-start=\"330\" data-end=\"350\"><strong data-start=\"53\" data-end=\"63\">Title<\/strong>: H\u00e4stern, roboten och det om\u00e4tbara<\/p>\n<p data-start=\"330\" data-end=\"350\"><strong>Author<\/strong>: Tove Kjellmark<\/p>\n<p data-start=\"330\" data-end=\"350\"><strong>Year of Issue<\/strong>: 2023<\/p>\n<p data-start=\"330\" data-end=\"350\"><strong>Size<\/strong>: 70&#215;100 cm<\/p>\n<p data-start=\"330\" data-end=\"350\"><strong>Print shop<\/strong>: F\u00e4rgfabriken<\/p>\n<p data-start=\"330\" data-end=\"350\"><strong data-start=\"334\" data-end=\"350\">Description:<\/strong><\/p>\n<p data-start=\"330\" data-end=\"350\">This poster advertises Tove Kjellmark\u2019s solo exhibition \u201cH\u00e4sten, roboten och det om\u00e4tbara\u201d at F\u00e4rgfabriken (Stockholm)\u2014a large, flagship show in the main hall, curated by Emilia Rosenqvist. The exhibition is part of Kjellmark\u2019s transdisciplinary artistic research where the horse becomes the starting point for exploring how bodies, technology and \u201cthe measurable vs. immeasurable\u201d intersect\u2014using work that spans hybrid sculptures, video and drawing, developed through methods like motion capture, 3D scanning and other measurement tools. The project also included an \u201cOpen Studio\u201d component, connecting the exhibition to an ongoing process-based practice.<\/p>\n<p data-start=\"0\" data-end=\"79\"><strong>Condition &amp; Important Notes<\/strong><\/p>\n<p data-start=\"1084\" data-end=\"1228\">As an original vintage poster, expect some age-related signs: slight fading, fold lines or minor creases, edge wear. Please inspect carefully.<\/p>","protected":false},"excerpt":{"rendered":"<p>Title: H\u00e4stern, roboten och det om\u00e4tbara Author: Tove Kjellmark Year of Issue: 2023 Size: 70&#215;100 cm Print shop: F\u00e4rgfabriken Description: This poster advertises Tove Kjellmark\u2019s solo exhibition \u201cH\u00e4sten, roboten och det om\u00e4tbara\u201d at F\u00e4rgfabriken (Stockholm)\u2014a large, flagship show in the main hall, curated by Emilia Rosenqvist. The exhibition is part of Kjellmark\u2019s transdisciplinary artistic research [&hellip;]<\/p>\n","protected":false},"featured_media":898,"template":"","meta":[],"product_brand":[],"product_cat":[24],"product_tag":[71,48],"class_list":{"0":"post-961","1":"product","2":"type-product","3":"status-publish","4":"has-post-thumbnail","6":"product_cat-exhibition","7":"product_tag-2020s","8":"product_tag-sweden","10":"first","11":"instock","12":"shipping-taxable","13":"purchasable","14":"product-type-simple"},"aioseo_notices":[],"jetpack_sharing_enabled":true,"_links":{"self":[{"href":"https:\/\/kapselart.ee\/en\/wp-json\/wp\/v2\/product\/961","targetHints":{"allow":["GET"]}}],"collection":[{"href":"https:\/\/kapselart.ee\/en\/wp-json\/wp\/v2\/product"}],"about":[{"href":"https:\/\/kapselart.ee\/en\/wp-json\/wp\/v2\/types\/product"}],"wp:featuredmedia":[{"embeddable":true,"href":"https:\/\/kapselart.ee\/en\/wp-json\/wp\/v2\/media\/898"}],"wp:attachment":[{"href":"https:\/\/kapselart.ee\/en\/wp-json\/wp\/v2\/media?parent=961"}],"wp:term":[{"taxonomy":"product_brand","embeddable":true,"href":"https:\/\/kapselart.ee\/en\/wp-json\/wp\/v2\/product_brand?post=961"},{"taxonomy":"product_cat","embeddable":true,"href":"https:\/\/kapselart.ee\/en\/wp-json\/wp\/v2\/product_cat?post=961"},{"taxonomy":"product_tag","embeddable":true,"href":"https:\/\/kapselart.ee\/en\/wp-json\/wp\/v2\/product_tag?post=961"}],"curies":[{"name":"wp","href":"https:\/\/api.w.org\/{rel}","templated":true}]}}